{"id":397,"date":"2021-01-02T18:39:43","date_gmt":"2021-01-02T18:39:43","guid":{"rendered":"https:\/\/wordpress.vecurosoft.com\/grillinator\/?page_id=397"},"modified":"2024-06-24T13:33:18","modified_gmt":"2024-06-24T13:33:18","slug":"sobre-nos","status":"publish","type":"page","link":"https:\/\/monteirosgrill.com\/?page_id=397","title":{"rendered":"Sobre n\u00f3s"},"content":{"rendered":"\t\t<div data-elementor-type=\"wp-page\" data-elementor-id=\"397\" class=\"elementor elementor-397\">\n\t\t\t\t\t\t<section class=\"elementor-section elementor-top-section elementor-element elementor-element-806802c elementor-section-full_width elementor-section-height-default elementor-section-height-default\" data-id=\"806802c\" data-element_type=\"section\">\n\t\t\t\t\t\t<div class=\"elementor-container elementor-column-gap-no\">\n\t\t\t\t\t<div class=\"elementor-column elementor-col-100 elementor-top-column elementor-element elementor-element-1df0ffb\" data-id=\"1df0ffb\" data-element_type=\"column\">\n\t\t\t<div class=\"elementor-widget-wrap elementor-element-populated\">\n\t\t\t\t\t\t<section class=\"elementor-section elementor-inner-section elementor-element elementor-element-f884888 elementor-section-boxed elementor-section-height-default elementor-section-height-default\" data-id=\"f884888\" data-element_type=\"section\">\n\t\t\t\t\t\t<div class=\"elementor-container elementor-column-gap-no\">\n\t\t\t\t\t<div class=\"elementor-column elementor-col-100 elementor-inner-column elementor-element elementor-element-e4636d6\" data-id=\"e4636d6\" data-element_type=\"column\">\n\t\t\t<div class=\"elementor-widget-wrap elementor-element-populated\">\n\t\t\t\t\t\t<div class=\"elementor-element elementor-element-f2d567d elementor-widget elementor-widget-grillinatoraboutus\" data-id=\"f2d567d\" data-element_type=\"widget\" data-widget_type=\"grillinatoraboutus.default\">\n\t\t\t\t<div class=\"elementor-widget-container\">\n\t\t\t<section class=\"vs-about-wrapper vs-about-layout7\"><div class=\"container\"><div class=\"row gutters-20\"><div class=\"col-lg-6\"><div class=\"about-image pr-lg-85 position-relative mb-30 mb-lg-0\"><img decoding=\"async\" src=\"https:\/\/monteirosgrill.com\/wp-content\/uploads\/2024\/06\/005-scaled.jpeg\" alt=\"005 scaled\"  class=\"w-100\" \/><div class=\"small-exp-box\"><img decoding=\"async\" src=\"https:\/\/wordpress.vecurosoft.com\/grillino\/wp-content\/uploads\/2021\/02\/exp-box-shape.png\" alt=\"exp box shape\"  class=\"shadow-shape\" \/><p class=\"exp-text\">Venha Conhecer!<\/p><\/div><\/div><\/div><div class=\"col-lg-6 align-self-center\"><span class=\"h3 text-font3 text-theme d-block mb-3\">Sobre n\u00f3s<\/span><h2 class=\"sec-title1 mb-lg-35\">Sabores Excepcionais<\/h2><p class=\"mb-lg-45\">O Churrasco Brasileiro \u00e9 Incr\u00edvel!<\/p><div class=\"row\"><div class=\"col-lg-11\"><div class=\"media mb-lg-35 mb-20\"><div class=\"media-icon pr-15 pr-lg-20\"><span><i class=\"flaticon-tortilla icon-4x text-theme\"><\/i><\/span><\/div><div class=\"media-body\"><h3 class=\"mb-10 h4\">\nMonteiros Grill<\/h3><p class=\"mb-0\">Venha experimentar o verdadeiro sabor do churrasco, onde a tradi\u00e7\u00e3o encontra a inova\u00e7\u00e3o, e cada refei\u00e7\u00e3o \u00e9 uma experi\u00eancia inesquec\u00edvel.<\/p><\/div><\/div><div class=\"media mb-lg-35 mb-20\"><div class=\"media-icon pr-15 pr-lg-20\"><span><i class=\"flaticon-fruit icon-4x text-theme\"><\/i><\/span><\/div><div class=\"media-body\"><h3 class=\"mb-10 h4\">\nComprometimento<\/h3><p class=\"mb-0\">Estamos comprometidos com o melhor servi\u00e7o ao cliente, conforto, requinte e profissionais altamente capacitados, uma experi\u00eancia \u00fanica em Portugal.<\/p><\/div><\/div><\/div><\/div><\/div><\/div><\/div><\/section>\t\t<\/div>\n\t\t\t\t<\/div>\n\t\t\t\t\t<\/div>\n\t\t<\/div>\n\t\t\t\t\t<\/div>\n\t\t<\/section>\n\t\t\t\t<section class=\"elementor-section elementor-inner-section elementor-element elementor-element-ec57a1b elementor-section-boxed elementor-section-height-default elementor-section-height-default\" data-id=\"ec57a1b\" data-element_type=\"section\">\n\t\t\t\t\t\t<div class=\"elementor-container elementor-column-gap-no\">\n\t\t\t\t\t<div class=\"elementor-column elementor-col-100 elementor-inner-column elementor-element elementor-element-1cb10b5\" data-id=\"1cb10b5\" data-element_type=\"column\">\n\t\t\t<div class=\"elementor-widget-wrap elementor-element-populated\">\n\t\t\t\t\t\t<div class=\"elementor-element elementor-element-e9b70db elementor-widget elementor-widget-grillinatorserviceiconslider\" data-id=\"e9b70db\" data-element_type=\"widget\" data-widget_type=\"grillinatorserviceiconslider.default\">\n\t\t\t\t<div class=\"elementor-widget-container\">\n\t\t\t<section class=\"vs-service-wrapper vs-service-layout2 text-center\"><div class=\"container\"><div class=\"row arrow-has-margin vs-carousel pb-lg-50\" data-slick-arrows=\"false\" data-slick-autoplay=\"true\" data-slide-to-show=\"3\"><div class=\"col-xl-4\"><div class=\"vs-service vs-box1 px-20 px-xl-40 pt-30 pt-xl-60 pb-20 pb-xl-50 mb-30\"><span class=\"service-icon text-theme d-block mb-30\"><i class=\"flaticon-fork icon-3x\"><\/i><\/span><h3 class=\"service-title link-inherit mb-10\">Card\u00e1pio<\/h3><p class=\"service-text mb-0\">Nosso card\u00e1pio \u00e9 incr\u00edvel, possu\u00edmos expertise na prepara\u00e7\u00e3o do melhor Churrasco Brasileiro.<\/p><\/div><\/div><div class=\"col-xl-4\"><div class=\"vs-service vs-box1 px-20 px-xl-40 pt-30 pt-xl-60 pb-20 pb-xl-50 mb-30\"><span class=\"service-icon text-theme d-block mb-30\"><i class=\"flaticon-serving-dish icon-3x\"><\/i><\/span><h3 class=\"service-title link-inherit mb-10\">Jantar<\/h3><p class=\"service-text mb-0\">Sozinho, com a fam\u00edlia ou reuni\u00f5es de neg\u00f3cios, temos o ambiente certo para essas ocasi\u00f5es.<\/p><\/div><\/div><div class=\"col-xl-4\"><div class=\"vs-service vs-box1 px-20 px-xl-40 pt-30 pt-xl-60 pb-20 pb-xl-50 mb-30\"><span class=\"service-icon text-theme d-block mb-30\"><i class=\"flaticon-flag icon-3x\"><\/i><\/span><h3 class=\"service-title link-inherit mb-10\">Casamentos<\/h3><p class=\"service-text mb-0\">Torne inesquecivel sua festa de casamento com os mais deliciosos pratos e excelente atendimento.<\/p><\/div><\/div><div class=\"col-xl-4\"><div class=\"vs-service vs-box1 px-20 px-xl-40 pt-30 pt-xl-60 pb-20 pb-xl-50 mb-30\"><span class=\"service-icon text-theme d-block mb-30\"><i class=\"flaticon-confetti icon-3x\"><\/i><\/span><h3 class=\"service-title link-inherit mb-10\">Anivers\u00e1rios<\/h3><p class=\"service-text mb-0\">Comemore sua festa de anivers\u00e1rio e proporcione momentos especiais aos seus convidados.<\/p><\/div><\/div><\/div><\/div><\/section>\t\t<\/div>\n\t\t\t\t<\/div>\n\t\t\t\t\t<\/div>\n\t\t<\/div>\n\t\t\t\t\t<\/div>\n\t\t<\/section>\n\t\t\t\t\t<\/div>\n\t\t<\/div>\n\t\t\t\t\t<\/div>\n\t\t<\/section>\n\t\t\t\t<section class=\"elementor-section elementor-top-section elementor-element elementor-element-22aeb0f elementor-section-full_width elementor-section-height-default elementor-section-height-default\" data-id=\"22aeb0f\" data-element_type=\"section\" data-settings=\"{&quot;background_background&quot;:&quot;classic&quot;}\">\n\t\t\t\t\t\t\t<div class=\"elementor-background-overlay\"><\/div>\n\t\t\t\t\t\t\t<div class=\"elementor-container elementor-column-gap-no\">\n\t\t\t\t\t<div class=\"elementor-column elementor-col-100 elementor-top-column elementor-element elementor-element-95aaefc\" data-id=\"95aaefc\" data-element_type=\"column\">\n\t\t\t<div class=\"elementor-widget-wrap elementor-element-populated\">\n\t\t\t\t\t\t<section class=\"elementor-section elementor-inner-section elementor-element elementor-element-0895e17 elementor-section-full_width elementor-section-height-default elementor-section-height-default\" data-id=\"0895e17\" data-element_type=\"section\">\n\t\t\t\t\t\t<div class=\"elementor-container elementor-column-gap-no\">\n\t\t\t\t\t<div class=\"elementor-column elementor-col-100 elementor-inner-column elementor-element elementor-element-e698b0f\" data-id=\"e698b0f\" data-element_type=\"column\">\n\t\t\t<div class=\"elementor-widget-wrap elementor-element-populated\">\n\t\t\t\t\t\t<div class=\"elementor-element elementor-element-c82f884 elementor-widget elementor-widget-grillinatortestimonialslider\" data-id=\"c82f884\" data-element_type=\"widget\" data-widget_type=\"grillinatortestimonialslider.default\">\n\t\t\t\t<div class=\"elementor-widget-container\">\n\t\t\t<section class=\"vs-testimonial-wrapper vs-testimonial-layout2\"><div class=\"container\"><div class=\"row justify-content-center\"><div class=\"col-xl-9\"><div class=\"testimonial-text-area text-center py-lg-150 pt-60 pb-80 vs-carousel\" id=\"testimonial-text-slide\" data-asnavfor=\"#testimonial-name-slide, #testimonial-avater-slide\" data-slidetoshow=\"1\" data-fade=\"true\" data-arrows=\"false\"><div class=\"testimonial-text-slide\"><span class=\"d-block mb-20\"><i data-opacity=\"6\" class=\"flaticon-quotes icon-7x\"><\/i><\/span><p class=\"testimonial-text text-20\">\"A Churrascaria Monteiros Grill oferece uma experi\u00eancia culin\u00e1ria espetacular. A variedade de carnes \u00e9 impressionante e todas s\u00e3o preparadas na perfei\u00e7\u00e3o. O ambiente \u00e9 agrad\u00e1vel e o atendimento \u00e9 sempre amig\u00e1vel e profissional. \u00c9 o lugar ideal para desfrutar de uma refei\u00e7\u00e3o incr\u00edvel em boa companhia. Recomendo vivamente!\"<\/p><\/div><div class=\"testimonial-text-slide\"><span class=\"d-block mb-20\"><i data-opacity=\"6\" class=\"flaticon-quotes icon-7x\"><\/i><\/span><p class=\"testimonial-text text-20\">\"Descobrir a Churrascaria Monteiros Grill foi uma das melhores surpresas gastron\u00f4micas que tive este ano. A variedade de carnes \u00e9 simplesmente incr\u00edvel, e todas s\u00e3o perfeitamente temperadas e suculentas. O ambiente \u00e9 acolhedor e o atendimento impec\u00e1vel. Cada visita \u00e9 uma experi\u00eancia maravilhosa, e j\u00e1 se tornou o meu restaurante favorito em Lisboa.\"<\/p><\/div><div class=\"testimonial-text-slide\"><span class=\"d-block mb-20\"><i data-opacity=\"6\" class=\"flaticon-quotes icon-7x\"><\/i><\/span><p class=\"testimonial-text text-20\">\"Adoro a Churrascaria Monteiros Grill! A qualidade da carne \u00e9 excepcional e o rod\u00edzio \u00e9 sempre generoso. O pessoal \u00e9 extremamente atencioso e faz-nos sentir em casa. \u00c9 o lugar perfeito para reunir amigos e familiares para uma refei\u00e7\u00e3o deliciosa. Recomendo a todos que apreciam uma boa churrascaria.\"<\/p><\/div><div class=\"testimonial-text-slide\"><span class=\"d-block mb-20\"><i data-opacity=\"6\" class=\"flaticon-quotes icon-7x\"><\/i><\/span><p class=\"testimonial-text text-20\">\"A Monteiros Grill \u00e9 um verdadeiro para\u00edso para os amantes de carne. A sele\u00e7\u00e3o de carnes \u00e9 vasta e todas as op\u00e7\u00f5es s\u00e3o suculentas e perfeitamente cozinhadas. Al\u00e9m disso, as op\u00e7\u00f5es de acompanhamentos s\u00e3o deliciosas e complementam perfeitamente as carnes. Sem d\u00favida, \u00e9 a melhor churrascaria que j\u00e1 visitei em Portugal.\"<\/p><\/div><div class=\"testimonial-text-slide\"><span class=\"d-block mb-20\"><i data-opacity=\"6\" class=\"flaticon-quotes icon-7x\"><\/i><\/span><p class=\"testimonial-text text-20\">\"Fui \u00e0 Churrascaria Monteiros Grill para celebrar o meu anivers\u00e1rio e foi uma experi\u00eancia inesquec\u00edvel. A qualidade do servi\u00e7o e a aten\u00e7\u00e3o aos detalhes s\u00e3o de primeira classe. As carnes s\u00e3o de alta qualidade e o rod\u00edzio \u00e9 constante e variado. Os funcion\u00e1rios foram super simp\u00e1ticos e fizeram com que a noite fosse muito especial. Voltarei certamente!\"<\/p><\/div><div class=\"testimonial-text-slide\"><span class=\"d-block mb-20\"><i data-opacity=\"6\" class=\"flaticon-quotes icon-7x\"><\/i><\/span><p class=\"testimonial-text text-20\">\u201c cum odio pariatur. Aperiam voluptatem harum vitae, cupiditate ducimus, consequuntur accusantium minima incidunt dolorem et enim corporis doloribus error adipisci temporibus quaerat possimus laudantium atque. \u201d<\/p><\/div><\/div><\/div><div class=\"col-xl-10 position-relative\"><div class=\"testimonial-author-box1 bg-white position-absolute radius-10 px-15 px-md-40 px-lg-80 pt-40 pt-lg-50 pb-40 pb-lg-45\" id=\"testimonial-name-slide\" data-asnavfor=\"#testimonial-text-slide, #testimonial-avater-slide\" data-slidetoshow=\"1\" data-arrows=\"true\" data-fade=\"true\"><div><h2 class=\"h3 testimonial-author-name mb-0\">Mariano Silva<\/h2><\/div><div><h2 class=\"h3 testimonial-author-name mb-0\">Celso Almeida<\/h2><span class=\"testimonial-author-degi text-theme\">Lisboa<\/span><\/div><div><h2 class=\"h3 testimonial-author-name mb-0\">Jo\u00e3o Carvalho<\/h2><span class=\"testimonial-author-degi text-theme\">Porto<\/span><\/div><div><h2 class=\"h3 testimonial-author-name mb-0\">Amaro Rodrigues<\/h2><span class=\"testimonial-author-degi text-theme\">Braga<\/span><\/div><div><h2 class=\"h3 testimonial-author-name mb-0\">Carla Mendes<\/h2><\/div><div><h2 class=\"h3 testimonial-author-name mb-0\">Carry Hanton<\/h2><span class=\"testimonial-author-degi text-theme\">Chef Leader<\/span><\/div><\/div><\/div><\/div><\/div><div class=\"testimonial-author-image1 d-none d-xl-block testi-author-image-layout1\" id=\"testimonial-avater-slide\" data-asnavfor=\"#testimonial-text-slide, #testimonial-name-slide\" data-slidetoshow=\"6\" data-adaptiveheight=\"true\" data-variablewidth=\"true\"><div class=\"testimonial-author-image\"><img decoding=\"async\" src=\"https:\/\/wordpress.vecurosoft.com\/grillino\/wp-content\/uploads\/2021\/01\/testimonial-author-2-1.jpg\" alt=\"testimonial author 2 1\"  \/><\/div><div class=\"testimonial-author-image\"><img decoding=\"async\" src=\"https:\/\/wordpress.vecurosoft.com\/grillino\/wp-content\/uploads\/2021\/01\/testimonial-author-2-2.jpg\" alt=\"testimonial author 2 2\"  \/><\/div><div class=\"testimonial-author-image\"><img decoding=\"async\" src=\"https:\/\/wordpress.vecurosoft.com\/grillino\/wp-content\/uploads\/2021\/01\/testimonial-author-2-3.jpg\" alt=\"testimonial author 2 3\"  \/><\/div><div class=\"testimonial-author-image\"><img decoding=\"async\" src=\"https:\/\/wordpress.vecurosoft.com\/grillino\/wp-content\/uploads\/2021\/01\/testimonial-author-2-6.jpg\" alt=\"testimonial author 2 6\"  \/><\/div><div class=\"testimonial-author-image\"><img decoding=\"async\" src=\"https:\/\/wordpress.vecurosoft.com\/grillino\/wp-content\/uploads\/2021\/01\/testimonial-author-2-4.jpg\" alt=\"testimonial author 2 4\"  \/><\/div><div class=\"testimonial-author-image\"><img decoding=\"async\" src=\"https:\/\/wordpress.vecurosoft.com\/grillino\/wp-content\/uploads\/2021\/01\/testimonial-author-2-5.jpg\" alt=\"testimonial author 2 5\"  \/><\/div><\/div><\/section>\t\t<\/div>\n\t\t\t\t<\/div>\n\t\t\t\t\t<\/div>\n\t\t<\/div>\n\t\t\t\t\t<\/div>\n\t\t<\/section>\n\t\t\t\t\t<\/div>\n\t\t<\/div>\n\t\t\t\t\t<\/div>\n\t\t<\/section>\n\t\t\t\t<section class=\"elementor-section elementor-top-section elementor-element elementor-element-076b2b9 elementor-section-boxed elementor-section-height-default elementor-section-height-default\" data-id=\"076b2b9\" data-element_type=\"section\">\n\t\t\t\t\t\t<div class=\"elementor-container elementor-column-gap-no\">\n\t\t\t\t\t<div class=\"elementor-column elementor-col-100 elementor-top-column elementor-element elementor-element-88fd2d1\" data-id=\"88fd2d1\" data-element_type=\"column\">\n\t\t\t<div class=\"elementor-widget-wrap elementor-element-populated\">\n\t\t\t\t\t\t<section class=\"elementor-section elementor-inner-section elementor-element elementor-element-86113c1 elementor-section-boxed elementor-section-height-default elementor-section-height-default\" data-id=\"86113c1\" data-element_type=\"section\">\n\t\t\t\t\t\t<div class=\"elementor-container elementor-column-gap-no\">\n\t\t\t\t\t<div class=\"elementor-column elementor-col-100 elementor-inner-column elementor-element elementor-element-9e20eb2\" data-id=\"9e20eb2\" data-element_type=\"column\">\n\t\t\t<div class=\"elementor-widget-wrap elementor-element-populated\">\n\t\t\t\t\t\t<div class=\"elementor-element elementor-element-e4ff793 elementor-widget elementor-widget-grillinatorsectiontitle\" data-id=\"e4ff793\" data-element_type=\"widget\" data-widget_type=\"grillinatorsectiontitle.default\">\n\t\t\t\t<div class=\"elementor-widget-container\">\n\t\t\t<!-- Section Title --><div class=\"section-title\" ><p class=\"sec-subtitle text-theme h3 subtitle-selector\">Conhe\u00e7a nosso<\/p><h2 class=\"sec-title1 title-selector\">Time de Experts<\/h2><p class=\"desc\">Gastronomia levada a s\u00e9rio,<br>\n                           os melhores profissionais atuam conosco.<\/p><div class=\"sec-line\"><img decoding=\"async\" src=\"https:\/\/wordpress.vecurosoft.com\/grillino\/wp-content\/uploads\/2020\/11\/sec-title-1.png\" alt=\"sec title 1\"  \/><\/div><\/div><!-- End Section Title -->\t\t<\/div>\n\t\t\t\t<\/div>\n\t\t\t\t\t<\/div>\n\t\t<\/div>\n\t\t\t\t\t<\/div>\n\t\t<\/section>\n\t\t\t\t<section class=\"elementor-section elementor-inner-section elementor-element elementor-element-4be91a8 elementor-section-boxed elementor-section-height-default elementor-section-height-default\" data-id=\"4be91a8\" data-element_type=\"section\">\n\t\t\t\t\t\t<div class=\"elementor-container elementor-column-gap-no\">\n\t\t\t\t\t<div class=\"elementor-column elementor-col-100 elementor-inner-column elementor-element elementor-element-ae21cae\" data-id=\"ae21cae\" data-element_type=\"column\">\n\t\t\t<div class=\"elementor-widget-wrap elementor-element-populated\">\n\t\t\t\t\t\t<div class=\"elementor-element elementor-element-6abc7b1 elementor-widget elementor-widget-grillinatorteammember\" data-id=\"6abc7b1\" data-element_type=\"widget\" data-widget_type=\"grillinatorteammember.default\">\n\t\t\t\t<div class=\"elementor-widget-container\">\n\t\t\t<section class=\"vs-team-wrapper vs-team-layout1 link-inherit\"><div class=\"container\"><div class=\"row vs-carousel arrow-has-margin\" data-slick-arrows=\"true\" data-centermode=\"true\" data-slick-autoplay=\"true\" data-slide-to-show=\"3\"><div class=\"col-xl-4\"><div class=\"vs-team\"><div class=\"team-img image-scale-hover\"><a  target=\"_blank\" rel=\"nofollow\" href=\"\"><img decoding=\"async\" src=\"https:\/\/wordpress.vecurosoft.com\/grillino\/wp-content\/uploads\/2021\/01\/team-img-1-1.jpg\" alt=\"team img 1 1\"  \/><\/a><\/div><div class=\"team-content\"><span class=\"vs-box1 overlay\"><\/span><h3 class=\"team-member-name mb-0\"><a  target=\"_blank\" rel=\"nofollow\" href=\"\">Jeferson Almeida<\/a><\/h3><span class=\"team-member-degi\">Fundador<\/span><div class=\"social-links links-has-border pt-15\"><ul><li><a  target=\"_blank\" rel=\"nofollow\" href=\"http:\/\/www.facebook.com\"><i class=\"fab fa-facebook-f\"><\/i><\/a><\/li><li><a  target=\"_blank\" rel=\"nofollow\" href=\"http:\/\/www.twitter.com\"><i class=\"fab fa-twitter\"><\/i><\/a><\/li><li><a  target=\"_blank\" rel=\"nofollow\" href=\"http:\/\/www.instagram.com\"><i class=\"fab fa-instagram\"><\/i><\/a><\/li><li><a  target=\"_blank\" rel=\"nofollow\" href=\"http:\/\/www.linkedin.com\"><i class=\"fab fa-linkedin-in\"><\/i><\/a><\/li><\/ul><\/div><\/div><\/div><\/div><div class=\"col-xl-4\"><div class=\"vs-team\"><div class=\"team-img image-scale-hover\"><a  target=\"_blank\" rel=\"nofollow\" href=\"\"><img decoding=\"async\" src=\"https:\/\/wordpress.vecurosoft.com\/grillino\/wp-content\/uploads\/2021\/01\/team-img-1-2.jpg\" alt=\"team img 1 2\"  \/><\/a><\/div><div class=\"team-content\"><span class=\"vs-box1 overlay\"><\/span><h3 class=\"team-member-name mb-0\"><a  target=\"_blank\" rel=\"nofollow\" href=\"\">Vivian Marina<\/a><\/h3><span class=\"team-member-degi\">Atendente<\/span><div class=\"social-links links-has-border pt-15\"><ul><li><a  target=\"_blank\" rel=\"nofollow\" href=\"http:\/\/www.facebook.com\"><i class=\"fab fa-facebook-f\"><\/i><\/a><\/li><li><a  target=\"_blank\" rel=\"nofollow\" href=\"http:\/\/www.twitter.com\"><i class=\"fab fa-twitter\"><\/i><\/a><\/li><li><a  target=\"_blank\" rel=\"nofollow\" href=\"http:\/\/www.instagram.com\"><i class=\"fab fa-instagram\"><\/i><\/a><\/li><li><a  target=\"_blank\" rel=\"nofollow\" href=\"http:\/\/www.linkedin.com\"><i class=\"fab fa-linkedin-in\"><\/i><\/a><\/li><\/ul><\/div><\/div><\/div><\/div><div class=\"col-xl-4\"><div class=\"vs-team\"><div class=\"team-img image-scale-hover\"><a  target=\"_blank\" rel=\"nofollow\" href=\"\"><img decoding=\"async\" src=\"https:\/\/wordpress.vecurosoft.com\/grillino\/wp-content\/uploads\/2021\/01\/team-img-1-3.jpg\" alt=\"team img 1 3\"  \/><\/a><\/div><div class=\"team-content\"><span class=\"vs-box1 overlay\"><\/span><h3 class=\"team-member-name mb-0\"><a  target=\"_blank\" rel=\"nofollow\" href=\"\">Aaron Casteli<\/a><\/h3><span class=\"team-member-degi\">Somelier<\/span><div class=\"social-links links-has-border pt-15\"><ul><li><a  target=\"_blank\" rel=\"nofollow\" href=\"http:\/\/www.facebook.com\"><i class=\"fab fa-facebook-f\"><\/i><\/a><\/li><li><a  target=\"_blank\" rel=\"nofollow\" href=\"http:\/\/www.twitter.com\"><i class=\"fab fa-twitter\"><\/i><\/a><\/li><li><a  target=\"_blank\" rel=\"nofollow\" href=\"http:\/\/www.instagram.com\"><i class=\"fab fa-instagram\"><\/i><\/a><\/li><li><a  target=\"_blank\" rel=\"nofollow\" href=\"http:\/\/www.linkedin.com\"><i class=\"fab fa-linkedin-in\"><\/i><\/a><\/li><\/ul><\/div><\/div><\/div><\/div><div class=\"col-xl-4\"><div class=\"vs-team\"><div class=\"team-img image-scale-hover\"><a  target=\"_blank\" rel=\"nofollow\" href=\"\"><img decoding=\"async\" src=\"https:\/\/wordpress.vecurosoft.com\/grillino\/wp-content\/uploads\/2021\/01\/team-img-1-4.jpg\" alt=\"team img 1 4\"  \/><\/a><\/div><div class=\"team-content\"><span class=\"vs-box1 overlay\"><\/span><h3 class=\"team-member-name mb-0\"><a  target=\"_blank\" rel=\"nofollow\" href=\"\">Peterson Silva<\/a><\/h3><span class=\"team-member-degi\">Administrador<\/span><div class=\"social-links links-has-border pt-15\"><ul><li><a  target=\"_blank\" rel=\"nofollow\" href=\"http:\/\/www.facebook.com\"><i class=\"fab fa-facebook-f\"><\/i><\/a><\/li><li><a  target=\"_blank\" rel=\"nofollow\" href=\"http:\/\/www.twitter.com\"><i class=\"fab fa-twitter\"><\/i><\/a><\/li><li><a  target=\"_blank\" rel=\"nofollow\" href=\"http:\/\/www.instagram.com\"><i class=\"fab fa-instagram\"><\/i><\/a><\/li><li><a  target=\"_blank\" rel=\"nofollow\" href=\"http:\/\/www.linkedin.com\"><i class=\"fab fa-linkedin-in\"><\/i><\/a><\/li><\/ul><\/div><\/div><\/div><\/div><\/div><\/div><\/section>\t\t<\/div>\n\t\t\t\t<\/div>\n\t\t\t\t\t<\/div>\n\t\t<\/div>\n\t\t\t\t\t<\/div>\n\t\t<\/section>\n\t\t\t\t\t<\/div>\n\t\t<\/div>\n\t\t\t\t\t<\/div>\n\t\t<\/section>\n\t\t\t\t<\/div>\n\t\t","protected":false},"excerpt":{"rendered":"<p>Venha Conhecer! Sobre n\u00f3s Sabores Excepcionais O Churrasco Brasileiro \u00e9 Incr\u00edvel! Monteiros Grill Venha experimentar o verdadeiro sabor do churrasco, onde a tradi\u00e7\u00e3o encontra a inova\u00e7\u00e3o, e cada refei\u00e7\u00e3o \u00e9 uma experi\u00eancia inesquec\u00edvel. Comprometimento Estamos comprometidos com o melhor servi\u00e7o ao cliente, conforto, requinte e profissionais altamente capacitados, uma experi\u00eancia \u00fanica em Portugal. Card\u00e1pio Nosso&#8230;<\/p>\n","protected":false},"author":1,"featured_media":0,"parent":0,"menu_order":0,"comment_status":"closed","ping_status":"closed","template":"template-builder.php","meta":{"footnotes":""},"class_list":["post-397","page","type-page","status-publish","hentry"],"_links":{"self":[{"href":"https:\/\/monteirosgrill.com\/index.php?rest_route=\/wp\/v2\/pages\/397","targetHints":{"allow":["GET"]}}],"collection":[{"href":"https:\/\/monteirosgrill.com\/index.php?rest_route=\/wp\/v2\/pages"}],"about":[{"href":"https:\/\/monteirosgrill.com\/index.php?rest_route=\/wp\/v2\/types\/page"}],"author":[{"embeddable":true,"href":"https:\/\/monteirosgrill.com\/index.php?rest_route=\/wp\/v2\/users\/1"}],"replies":[{"embeddable":true,"href":"https:\/\/monteirosgrill.com\/index.php?rest_route=%2Fwp%2Fv2%2Fcomments&post=397"}],"version-history":[{"count":29,"href":"https:\/\/monteirosgrill.com\/index.php?rest_route=\/wp\/v2\/pages\/397\/revisions"}],"predecessor-version":[{"id":4565,"href":"https:\/\/monteirosgrill.com\/index.php?rest_route=\/wp\/v2\/pages\/397\/revisions\/4565"}],"wp:attachment":[{"href":"https:\/\/monteirosgrill.com\/index.php?rest_route=%2Fwp%2Fv2%2Fmedia&parent=397"}],"curies":[{"name":"wp","href":"https:\/\/api.w.org\/{rel}","templated":true}]}}