{"id":1271,"date":"2021-01-31T06:42:27","date_gmt":"2021-01-31T06:42:27","guid":{"rendered":"https:\/\/wordpress.vecurosoft.com\/grillinator\/?page_id=1271"},"modified":"2024-06-13T03:31:55","modified_gmt":"2024-06-13T03:31:55","slug":"reservas","status":"publish","type":"page","link":"https:\/\/monteirosgrill.com\/?page_id=1271","title":{"rendered":"Reservas"},"content":{"rendered":"\t\t<div data-elementor-type=\"wp-page\" data-elementor-id=\"1271\" class=\"elementor elementor-1271\">\n\t\t\t\t\t\t<section class=\"elementor-section elementor-top-section elementor-element elementor-element-3c0c383 elementor-section-boxed elementor-section-height-default elementor-section-height-default\" data-id=\"3c0c383\" data-element_type=\"section\" data-settings=\"{&quot;background_background&quot;:&quot;classic&quot;}\">\n\t\t\t\t\t\t<div class=\"elementor-container elementor-column-gap-no\">\n\t\t\t\t\t<div class=\"elementor-column elementor-col-100 elementor-top-column elementor-element elementor-element-f753945\" data-id=\"f753945\" data-element_type=\"column\">\n\t\t\t<div class=\"elementor-widget-wrap elementor-element-populated\">\n\t\t\t\t\t\t<section class=\"elementor-section elementor-inner-section elementor-element elementor-element-132c61b elementor-section-boxed elementor-section-height-default elementor-section-height-default\" data-id=\"132c61b\" data-element_type=\"section\">\n\t\t\t\t\t\t<div class=\"elementor-container elementor-column-gap-no\">\n\t\t\t\t\t<div class=\"elementor-column elementor-col-100 elementor-inner-column elementor-element elementor-element-16c713e\" data-id=\"16c713e\" data-element_type=\"column\" data-settings=\"{&quot;background_background&quot;:&quot;classic&quot;}\">\n\t\t\t<div class=\"elementor-widget-wrap elementor-element-populated\">\n\t\t\t\t\t\t<div class=\"elementor-element elementor-element-870a064 elementor-widget elementor-widget-grillinatorsectiontitle\" data-id=\"870a064\" data-element_type=\"widget\" data-widget_type=\"grillinatorsectiontitle.default\">\n\t\t\t\t<div class=\"elementor-widget-container\">\n\t\t\t<!-- Section Title --><div class=\"section-title\" ><p class=\"sec-subtitle text-theme h3 subtitle-selector\">Reserve uma Mesa<\/p><h2 class=\"sec-title1 title-selector\">Reservas<\/h2><p class=\"desc\">Preencha o formul\u00e1rio abaixo para reservar uma mesa<br> no Monteiros Grill, nossa equipe responder\u00e1 o mais breve poss\u00edvel.<\/p><div class=\"sec-line\"><img decoding=\"async\" src=\"https:\/\/wordpress.vecurosoft.com\/grillino\/wp-content\/uploads\/2020\/11\/sec-title-1.png\" alt=\"sec title 1\"  \/><\/div><\/div><!-- End Section Title -->\t\t<\/div>\n\t\t\t\t<\/div>\n\t\t\t\t<div class=\"elementor-element elementor-element-2f0a5a6 elementor-widget elementor-widget-shortcode\" data-id=\"2f0a5a6\" data-element_type=\"widget\" data-widget_type=\"shortcode.default\">\n\t\t\t\t<div class=\"elementor-widget-container\">\n\t\t\t\t\t<div class=\"elementor-shortcode\">\n<div class=\"wpcf7 no-js\" id=\"wpcf7-f304-o1\" lang=\"en-US\" dir=\"ltr\">\n<div class=\"screen-reader-response\"><p role=\"status\" aria-live=\"polite\" aria-atomic=\"true\"><\/p> <ul><\/ul><\/div>\n<form action=\"\/index.php?rest_route=%2Fwp%2Fv2%2Fpages%2F1271#wpcf7-f304-o1\" method=\"post\" class=\"wpcf7-form init\" aria-label=\"Contact form\" novalidate=\"novalidate\" data-status=\"init\">\n<div style=\"display: none;\">\n<input type=\"hidden\" name=\"_wpcf7\" value=\"304\" \/>\n<input type=\"hidden\" name=\"_wpcf7_version\" value=\"5.9.6\" \/>\n<input type=\"hidden\" name=\"_wpcf7_locale\" value=\"en_US\" \/>\n<input type=\"hidden\" name=\"_wpcf7_unit_tag\" value=\"wpcf7-f304-o1\" \/>\n<input type=\"hidden\" name=\"_wpcf7_container_post\" value=\"0\" \/>\n<input type=\"hidden\" name=\"_wpcf7_posted_data_hash\" value=\"\" \/>\n<\/div>\n<div class=\"reservation-form\"><div class=\"row\">\n                        <div class=\"col-lg-6 form-group\"><span class=\"wpcf7-form-control-wrap\" data-name=\"text-817\"><input size=\"40\" maxlength=\"80\" class=\"wpcf7-form-control wpcf7-text wpcf7-validates-as-required form-control\" aria-required=\"true\" aria-invalid=\"false\" placeholder=\"Nome\" value=\"\" type=\"text\" name=\"text-817\" \/><\/span><i class=\"fal fa-user\"><\/i><\/div>\n                        <div class=\"col-lg-6 form-group\"><span class=\"wpcf7-form-control-wrap\" data-name=\"text-867\"><input size=\"40\" maxlength=\"80\" class=\"wpcf7-form-control wpcf7-text wpcf7-validates-as-required form-control\" aria-required=\"true\" aria-invalid=\"false\" placeholder=\"Total de Pessoas\" value=\"\" type=\"text\" name=\"text-867\" \/><\/span><i class=\"fal fa-users\"><\/i><\/div>\n                        <div class=\"col-lg-6 form-group\"><span class=\"wpcf7-form-control-wrap\" data-name=\"text-354\"><input size=\"40\" maxlength=\"80\" class=\"wpcf7-form-control wpcf7-text wpcf7-validates-as-required form-control date-pick\" aria-required=\"true\" aria-invalid=\"false\" value=\"05 - 10 - 2020\" type=\"text\" name=\"text-354\" \/><\/span><i class=\"fal fa-calendar-alt\"><\/i><\/div>\n                        <div class=\"col-lg-6 form-group\"><span class=\"wpcf7-form-control-wrap\" data-name=\"text-353\"><input size=\"40\" maxlength=\"80\" class=\"wpcf7-form-control wpcf7-text wpcf7-validates-as-required form-control time-pick\" aria-required=\"true\" aria-invalid=\"false\" value=\"7:00 pm\" type=\"text\" name=\"text-353\" \/><\/span><i class=\"fal fa-clock\"><\/i><\/div>\n                        <div class=\"col-12 form-group\"><span class=\"wpcf7-form-control-wrap\" data-name=\"textarea-935\"><textarea cols=\"40\" rows=\"10\" maxlength=\"400\" class=\"wpcf7-form-control wpcf7-textarea wpcf7-validates-as-required form-control\" aria-required=\"true\" aria-invalid=\"false\" placeholder=\"Motivo da Reserva\" name=\"textarea-935\"><\/textarea><\/span><i class=\"fal fa-pencil-alt\"><\/i><\/div>\n                        <div class=\"col-12 form-group pt-xl-20 mb-0 text-center\"><button class=\"vs-btn style3 rounded-0 wpcf7-submit\">Enviar Reserva<\/button><\/div><\/div><\/div><div class=\"wpcf7-response-output\" aria-hidden=\"true\"><\/div>\n<\/form>\n<\/div>\n<\/div>\n\t\t\t\t<\/div>\n\t\t\t\t<\/div>\n\t\t\t\t\t<\/div>\n\t\t<\/div>\n\t\t\t\t\t<\/div>\n\t\t<\/section>\n\t\t\t\t\t<\/div>\n\t\t<\/div>\n\t\t\t\t\t<\/div>\n\t\t<\/section>\n\t\t\t\t<\/div>\n\t\t","protected":false},"excerpt":{"rendered":"<p>Reserve uma Mesa Reservas Preencha o formul\u00e1rio abaixo para reservar uma mesa no Monteiros Grill, nossa equipe responder\u00e1 o mais breve poss\u00edvel.<\/p>\n","protected":false},"author":1,"featured_media":0,"parent":0,"menu_order":0,"comment_status":"closed","ping_status":"closed","template":"template-builder.php","meta":{"footnotes":""},"class_list":["post-1271","page","type-page","status-publish","hentry"],"_links":{"self":[{"href":"https:\/\/monteirosgrill.com\/index.php?rest_route=\/wp\/v2\/pages\/1271","targetHints":{"allow":["GET"]}}],"collection":[{"href":"https:\/\/monteirosgrill.com\/index.php?rest_route=\/wp\/v2\/pages"}],"about":[{"href":"https:\/\/monteirosgrill.com\/index.php?rest_route=\/wp\/v2\/types\/page"}],"author":[{"embeddable":true,"href":"https:\/\/monteirosgrill.com\/index.php?rest_route=\/wp\/v2\/users\/1"}],"replies":[{"embeddable":true,"href":"https:\/\/monteirosgrill.com\/index.php?rest_route=%2Fwp%2Fv2%2Fcomments&post=1271"}],"version-history":[{"count":5,"href":"https:\/\/monteirosgrill.com\/index.php?rest_route=\/wp\/v2\/pages\/1271\/revisions"}],"predecessor-version":[{"id":4483,"href":"https:\/\/monteirosgrill.com\/index.php?rest_route=\/wp\/v2\/pages\/1271\/revisions\/4483"}],"wp:attachment":[{"href":"https:\/\/monteirosgrill.com\/index.php?rest_route=%2Fwp%2Fv2%2Fmedia&parent=1271"}],"curies":[{"name":"wp","href":"https:\/\/api.w.org\/{rel}","templated":true}]}}